{"id":147,"date":"2024-12-12T16:08:24","date_gmt":"2024-12-12T16:08:24","guid":{"rendered":"https:\/\/jabczynski.pl\/?page_id=147"},"modified":"2025-01-07T15:54:19","modified_gmt":"2025-01-07T15:54:19","slug":"dzinougorzaki","status":"publish","type":"page","link":"https:\/\/jabczynski.pl\/index.php\/dzinougorzaki\/","title":{"rendered":"D\u017cinougorzaki"},"content":{"rendered":"\n<div class=\"wp-block-columns is-layout-flex wp-container-core-columns-is-layout-9d6595d7 wp-block-columns-is-layout-flex\">\n<div class=\"wp-block-column is-layout-flow wp-block-column-is-layout-flow\">\n<figure data-wp-context=\"{&quot;imageId&quot;:&quot;69e3820990d6e&quot;}\" data-wp-interactive=\"core\/image\" class=\"wp-block-image size-full wp-lightbox-container\"><img loading=\"lazy\" decoding=\"async\" width=\"900\" height=\"900\" data-wp-class--hide=\"state.isContentHidden\" data-wp-class--show=\"state.isContentVisible\" data-wp-init=\"callbacks.setButtonStyles\" data-wp-on-async--click=\"actions.showLightbox\" data-wp-on-async--load=\"callbacks.setButtonStyles\" data-wp-on-async-window--resize=\"callbacks.setButtonStyles\" src=\"http:\/\/jabczynski.pl\/wp-content\/uploads\/2024\/12\/str-dzinougorzak-kujawski.jpg\" alt=\"\" class=\"wp-image-161\" srcset=\"https:\/\/jabczynski.pl\/wp-content\/uploads\/2024\/12\/str-dzinougorzak-kujawski.jpg 900w, https:\/\/jabczynski.pl\/wp-content\/uploads\/2024\/12\/str-dzinougorzak-kujawski-300x300.jpg 300w, https:\/\/jabczynski.pl\/wp-content\/uploads\/2024\/12\/str-dzinougorzak-kujawski-150x150.jpg 150w, https:\/\/jabczynski.pl\/wp-content\/uploads\/2024\/12\/str-dzinougorzak-kujawski-768x768.jpg 768w\" sizes=\"auto, (max-width: 900px) 100vw, 900px\" \/><button\n\t\t\tclass=\"lightbox-trigger\"\n\t\t\ttype=\"button\"\n\t\t\taria-haspopup=\"dialog\"\n\t\t\taria-label=\"Powi\u0119ksz\"\n\t\t\tdata-wp-init=\"callbacks.initTriggerButton\"\n\t\t\tdata-wp-on-async--click=\"actions.showLightbox\"\n\t\t\tdata-wp-style--right=\"state.imageButtonRight\"\n\t\t\tdata-wp-style--top=\"state.imageButtonTop\"\n\t\t>\n\t\t\t<svg xmlns=\"http:\/\/www.w3.org\/2000\/svg\" width=\"12\" height=\"12\" fill=\"none\" viewBox=\"0 0 12 12\">\n\t\t\t\t<path fill=\"#fff\" d=\"M2 0a2 2 0 0 0-2 2v2h1.5V2a.5.5 0 0 1 .5-.5h2V0H2Zm2 10.5H2a.5.5 0 0 1-.5-.5V8H0v2a2 2 0 0 0 2 2h2v-1.5ZM8 12v-1.5h2a.5.5 0 0 0 .5-.5V8H12v2a2 2 0 0 1-2 2H8Zm2-12a2 2 0 0 1 2 2v2h-1.5V2a.5.5 0 0 0-.5-.5H8V0h2Z\" \/>\n\t\t\t<\/svg>\n\t\t<\/button><figcaption class=\"wp-element-caption\"><strong><em>D\u017cinougorzak kujawski,<\/em><\/strong> akryl na p\u0142\u00f3tnie, 40&#215;40 cm, 2019 r.<\/figcaption><\/figure>\n<\/div>\n\n\n\n<div class=\"wp-block-column is-layout-flow wp-block-column-is-layout-flow\">\n<p class=\"has-medium-font-size\"><strong>D\u017cinougorzaki<\/strong> \u017cyj\u0105 na nizinach wschodniej i \u015brodkowej Europy. Najcz\u0119\u015bciej mo\u017cna spotka\u0107 je na obszarach zaniedbanych upraw czy porzuconych, ale niezakrzaczonych p\u00f3l, rzadziej przy rowach i kana\u0142ach melioracyjnych. Widywane s\u0105 od wiosny do jesieni. Wraz z nastaniem ch\u0142odnych dni udaj\u0105 si\u0119 do swych legowisk na zimow\u0105 drzemk\u0119. Niewiele wiadomo o ich zwyczajach \u017cywieniowych. Przypuszcza si\u0119, \u017ce jadaj\u0105 d\u0142ugo le\u017cakuj\u0105ce szk\u0142o i eternit. Sk\u0142adaj\u0105 jaja w porzuconych zielonych i br\u0105zowych butelkach z resztkami zawarto\u015bci, sk\u0105d &#8211; po wykluciu si\u0119 &#8211; wylatuj\u0105. Wyst\u0119puj\u0105 w trzech gatunkach, r\u00f3\u017cni\u0105cych si\u0119 barw\u0105, wielko\u015bci\u0105 i szybko\u015bci\u0105 biegu. Na terenie W\u0119gier najcz\u0119\u015bciej spotykane s\u0105 powolne <em>D\u017cinougorzaki winne<\/em>, o ciemnym, bordowym lub czerwonawym kolorze sier\u015bci, kt\u00f3re dorastaj\u0105 do 1 metra wysoko\u015bci.<\/p>\n<\/div>\n\n\n\n<div class=\"wp-block-column is-layout-flow wp-block-column-is-layout-flow\">\n<p class=\"has-medium-font-size\"> Dla Wielkopolski i Mazowsza charakterystyczne s\u0105 szybkie <em>D\u017cinougorzaki piwne<\/em>. Maj\u0105 one barw\u0119 br\u0105zow\u0105, dorastaj\u0105 do 170 cm. W tej rasie wyst\u0119puje tak\u017ce wyj\u0105tkowo zwinny, szybko biegaj\u0105cy typ: <em>D\u017cinougorzak kujawski<\/em>, zwany te\u017c <em>pampowym<\/em>, kt\u00f3ry ma jasn\u0105, zazwyczaj ugrow\u0105, sier\u015b\u0107. Trzecim, najmniej licznym, gatunkiem jest <em>D\u017cinougorzak samogonowy<\/em>. Bardzo rzadko mo\u017cna zaobserwowa\u0107 pojedyncze osobniki na poleskich, zabagnionych polach, ci\u0105gn\u0105cych si\u0119 wzd\u0142u\u017c Prypeci. Gatunek ten jest zagro\u017cony wymarciem z powodu braku miejsc l\u0119gowych. Wynika to z dzia\u0142a\u0144 w\u0142adz bia\u0142oruskich, kt\u00f3re skutecznie dbaj\u0105 o czysto\u015b\u0107 p\u00f3l i row\u00f3w. Niewielka populacja zachowa\u0142a si\u0119 jeszcze na terenach p\u00f3\u0142nocnej Ukrainy\u2026<\/p>\n<\/div>\n<\/div>\n\n\n\n<p><\/p>\n","protected":false},"excerpt":{"rendered":"<p>D\u017cinougorzaki \u017cyj\u0105 na nizinach wschodniej i \u015brodkowej Europy. Najcz\u0119\u015bciej mo\u017cna spotka\u0107 je na obszarach zaniedbanych upraw czy porzuconych, ale niezakrzaczonych p\u00f3l, rzadziej przy rowach i kana\u0142ach melioracyjnych. Widywane s\u0105 od wiosny do jesieni. Wraz z nastaniem ch\u0142odnych dni udaj\u0105 si\u0119 do swych legowisk na zimow\u0105 drzemk\u0119. Niewiele wiadomo o ich zwyczajach \u017cywieniowych. Przypuszcza si\u0119, \u017ce&#8230;<\/p>\n","protected":false},"author":1,"featured_media":0,"parent":0,"menu_order":0,"comment_status":"closed","ping_status":"closed","template":"","meta":{"_kad_post_transparent":"","_kad_post_title":"","_kad_post_layout":"","_kad_post_sidebar_id":"","_kad_post_content_style":"","_kad_post_vertical_padding":"","_kad_post_feature":"","_kad_post_feature_position":"","_kad_post_header":false,"_kad_post_footer":false,"_kad_post_classname":"","footnotes":""},"class_list":["post-147","page","type-page","status-publish","hentry"],"_links":{"self":[{"href":"https:\/\/jabczynski.pl\/index.php\/wp-json\/wp\/v2\/pages\/147","targetHints":{"allow":["GET"]}}],"collection":[{"href":"https:\/\/jabczynski.pl\/index.php\/wp-json\/wp\/v2\/pages"}],"about":[{"href":"https:\/\/jabczynski.pl\/index.php\/wp-json\/wp\/v2\/types\/page"}],"author":[{"embeddable":true,"href":"https:\/\/jabczynski.pl\/index.php\/wp-json\/wp\/v2\/users\/1"}],"replies":[{"embeddable":true,"href":"https:\/\/jabczynski.pl\/index.php\/wp-json\/wp\/v2\/comments?post=147"}],"version-history":[{"count":8,"href":"https:\/\/jabczynski.pl\/index.php\/wp-json\/wp\/v2\/pages\/147\/revisions"}],"predecessor-version":[{"id":283,"href":"https:\/\/jabczynski.pl\/index.php\/wp-json\/wp\/v2\/pages\/147\/revisions\/283"}],"wp:attachment":[{"href":"https:\/\/jabczynski.pl\/index.php\/wp-json\/wp\/v2\/media?parent=147"}],"curies":[{"name":"wp","href":"https:\/\/api.w.org\/{rel}","templated":true}]}}