{"id":149,"date":"2025-01-01T20:07:49","date_gmt":"2025-01-01T20:07:49","guid":{"rendered":"https:\/\/jabczynski.pl\/?page_id=149"},"modified":"2025-01-07T15:54:36","modified_gmt":"2025-01-07T15:54:36","slug":"echowawozaki","status":"publish","type":"page","link":"https:\/\/jabczynski.pl\/index.php\/echowawozaki\/","title":{"rendered":"Echow\u0105wozaki"},"content":{"rendered":"\n<div class=\"wp-block-columns is-layout-flex wp-container-core-columns-is-layout-9d6595d7 wp-block-columns-is-layout-flex\">\n<div class=\"wp-block-column is-layout-flow wp-block-column-is-layout-flow\">\n<figure data-wp-context=\"{&quot;imageId&quot;:&quot;69e370cd9c2d0&quot;}\" data-wp-interactive=\"core\/image\" class=\"wp-block-image size-full wp-lightbox-container\"><img loading=\"lazy\" decoding=\"async\" width=\"643\" height=\"900\" data-wp-class--hide=\"state.isContentHidden\" data-wp-class--show=\"state.isContentVisible\" data-wp-init=\"callbacks.setButtonStyles\" data-wp-on-async--click=\"actions.showLightbox\" data-wp-on-async--load=\"callbacks.setButtonStyles\" data-wp-on-async-window--resize=\"callbacks.setButtonStyles\" src=\"http:\/\/jabczynski.pl\/wp-content\/uploads\/2025\/01\/echowawozaki_poludnicowate.jpg\" alt=\"\" class=\"wp-image-226\" srcset=\"https:\/\/jabczynski.pl\/wp-content\/uploads\/2025\/01\/echowawozaki_poludnicowate.jpg 643w, https:\/\/jabczynski.pl\/wp-content\/uploads\/2025\/01\/echowawozaki_poludnicowate-214x300.jpg 214w\" sizes=\"auto, (max-width: 643px) 100vw, 643px\" \/><button\n\t\t\tclass=\"lightbox-trigger\"\n\t\t\ttype=\"button\"\n\t\t\taria-haspopup=\"dialog\"\n\t\t\taria-label=\"Powi\u0119ksz\"\n\t\t\tdata-wp-init=\"callbacks.initTriggerButton\"\n\t\t\tdata-wp-on-async--click=\"actions.showLightbox\"\n\t\t\tdata-wp-style--right=\"state.imageButtonRight\"\n\t\t\tdata-wp-style--top=\"state.imageButtonTop\"\n\t\t>\n\t\t\t<svg xmlns=\"http:\/\/www.w3.org\/2000\/svg\" width=\"12\" height=\"12\" fill=\"none\" viewBox=\"0 0 12 12\">\n\t\t\t\t<path fill=\"#fff\" d=\"M2 0a2 2 0 0 0-2 2v2h1.5V2a.5.5 0 0 1 .5-.5h2V0H2Zm2 10.5H2a.5.5 0 0 1-.5-.5V8H0v2a2 2 0 0 0 2 2h2v-1.5ZM8 12v-1.5h2a.5.5 0 0 0 .5-.5V8H12v2a2 2 0 0 1-2 2H8Zm2-12a2 2 0 0 1 2 2v2h-1.5V2a.5.5 0 0 0-.5-.5H8V0h2Z\" \/>\n\t\t\t<\/svg>\n\t\t<\/button><figcaption class=\"wp-element-caption\"><em><strong>Echow\u0105wozaki po\u0142udnicowate<\/strong><\/em>, tempera gumowa na p\u0142\u00f3tnie, <br>70&#215;50 cm, 2024 r.<\/figcaption><\/figure>\n<\/div>\n\n\n\n<div class=\"wp-block-column is-layout-flow wp-block-column-is-layout-flow\">\n<p class=\"has-medium-font-size\"><strong>Echow\u0105wozaki po\u0142udnicowate <\/strong>to specyficzne formy ska\u0142o-podobne, zbudowane z krystalizuj\u0105cych bry\u0142 wapienia i dolomitu, w kt\u00f3rych tworz\u0105 si\u0119 wy\u017c\u0142obienia, przypominaj\u0105ce wej\u015bcia do jaski\u0144. Wyst\u0119puj\u0105 w wschodnich i po\u0142udniowych Alpach, cho\u0107 pojawia\u0142y si\u0119 doniesienia o pojedynczych osobnikach w Ojcowskim Parku Narodowym, dot\u0105d nie potwierdzone przez badaczy. Przybieraj\u0105 one krasowe formy chraterystyczne dla jar\u00f3w i w\u0105woz\u00f3w g\u00f3rskich, do z\u0142udzenia przypominaj\u0105 naturalne ukszta\u0142towanie terenu, kt\u00f3ry zamieszkuj\u0105. Ich cykl \u017cyciowy jest \u015bci\u015ble powi\u0105zany z panuj\u0105c\u0105 na danym terenie temperatur\u0105. O\u017cywaj\u0105 w ciep\u0142e i s\u0142oneczne dni, szczeg\u00f3lnie aktywne s\u0105 w okresie od czerwca do sierpnia, w godzinach oko\u0142opo\u0142udniowych. Ich obecno\u015b\u0107 jest potwierdzana g\u0142\u00f3wnie poprzez aktywno\u015b\u0107 d\u017awi\u0119kow\u0105, gdy\u017c trudno odr\u00f3\u017cni\u0107 je od naturalnych form skalnych. <\/p>\n<\/div>\n\n\n\n<div class=\"wp-block-column is-layout-flow wp-block-column-is-layout-flow\">\n<p class=\"has-medium-font-size\">Przedrze\u017aniaj\u0105 us\u0142yszane g\u0142osy turyst\u00f3w, w\u0119druj\u0105cych szlakami, powtarzaj\u0105 odg\u0142osy zwierz\u0105t, na\u015bladuj\u0105 trzaski i szumy drzew. Samotni w\u0119drowcy bardzo cz\u0119sto s\u0142ysz\u0105 ich z\u0142owr\u00f3\u017cebne pomruki, wywo\u0142ane zazwyczaj rozszerzaniem si\u0119 wystawionych na promienie s\u0142oneczne powierzchni. Echowawozaki nie s\u0105 jednak gro\u017ane, ich wyst\u0119powanie na danym terenie sprzyja powstawaniu lokalnych legend i ba\u015bni o zjawiskach niewyja\u015bnionych.<\/p>\n<\/div>\n<\/div>\n\n\n\n<p><\/p>\n","protected":false},"excerpt":{"rendered":"<p>Echow\u0105wozaki po\u0142udnicowate to specyficzne formy ska\u0142o-podobne, zbudowane z krystalizuj\u0105cych bry\u0142 wapienia i dolomitu, w kt\u00f3rych tworz\u0105 si\u0119 wy\u017c\u0142obienia, przypominaj\u0105ce wej\u015bcia do jaski\u0144. Wyst\u0119puj\u0105 w wschodnich i po\u0142udniowych Alpach, cho\u0107 pojawia\u0142y si\u0119 doniesienia o pojedynczych osobnikach w Ojcowskim Parku Narodowym, dot\u0105d nie potwierdzone przez badaczy. Przybieraj\u0105 one krasowe formy chraterystyczne dla jar\u00f3w i w\u0105woz\u00f3w g\u00f3rskich, do&#8230;<\/p>\n","protected":false},"author":1,"featured_media":0,"parent":0,"menu_order":0,"comment_status":"closed","ping_status":"closed","template":"","meta":{"_kad_post_transparent":"","_kad_post_title":"","_kad_post_layout":"","_kad_post_sidebar_id":"","_kad_post_content_style":"","_kad_post_vertical_padding":"","_kad_post_feature":"","_kad_post_feature_position":"","_kad_post_header":false,"_kad_post_footer":false,"_kad_post_classname":"","footnotes":""},"class_list":["post-149","page","type-page","status-publish","hentry"],"_links":{"self":[{"href":"https:\/\/jabczynski.pl\/index.php\/wp-json\/wp\/v2\/pages\/149","targetHints":{"allow":["GET"]}}],"collection":[{"href":"https:\/\/jabczynski.pl\/index.php\/wp-json\/wp\/v2\/pages"}],"about":[{"href":"https:\/\/jabczynski.pl\/index.php\/wp-json\/wp\/v2\/types\/page"}],"author":[{"embeddable":true,"href":"https:\/\/jabczynski.pl\/index.php\/wp-json\/wp\/v2\/users\/1"}],"replies":[{"embeddable":true,"href":"https:\/\/jabczynski.pl\/index.php\/wp-json\/wp\/v2\/comments?post=149"}],"version-history":[{"count":13,"href":"https:\/\/jabczynski.pl\/index.php\/wp-json\/wp\/v2\/pages\/149\/revisions"}],"predecessor-version":[{"id":284,"href":"https:\/\/jabczynski.pl\/index.php\/wp-json\/wp\/v2\/pages\/149\/revisions\/284"}],"wp:attachment":[{"href":"https:\/\/jabczynski.pl\/index.php\/wp-json\/wp\/v2\/media?parent=149"}],"curies":[{"name":"wp","href":"https:\/\/api.w.org\/{rel}","templated":true}]}}