{"id":20,"date":"2024-12-05T07:49:24","date_gmt":"2024-12-05T07:49:24","guid":{"rendered":"http:\/\/jabczynski.pl\/?page_id=20"},"modified":"2025-01-02T12:58:31","modified_gmt":"2025-01-02T12:58:31","slug":"o-mnie","status":"publish","type":"page","link":"https:\/\/jabczynski.pl\/index.php\/o-mnie\/","title":{"rendered":"o mnie"},"content":{"rendered":"\n<div class=\"wp-block-columns is-layout-flex wp-container-core-columns-is-layout-9d6595d7 wp-block-columns-is-layout-flex\">\n<div class=\"wp-block-column is-layout-flow wp-block-column-is-layout-flow\">\n<h3 class=\"wp-block-heading\"><strong>Jerzy Jabczy\u0144ski<\/strong><\/h3>\n\n\n\n<p class=\"has-medium-font-size\"><a><\/a>Urodzi\u0142em si\u0119 w 1979 roku we W\u0142oc\u0142awku. W 2004 uko\u0144czy\u0142em studia na Akademii Sztuk Pi\u0119knych w \u0141odzi. Dyplom uzyska\u0142em w Pracowni Bi\u017cuterii i w Pracowni Malarstwa. Bra\u0142em udzia\u0142 w ponad 70 wystawach zbiorowych w kraju i zagranic\u0105. Mia\u0142em 7 wystaw indywidualnych.<\/p>\n\n\n\n<p class=\"has-medium-font-size\">Moje prace znajduj\u0105 si\u0119 w zbiorach: Centralnego Muzeum W\u0142\u00f3kiennictwa w \u0141odzi, Muzeum Ziemi Kujawskiej i Dobrzy\u0144skiej we W\u0142oc\u0142awku, Muzeum im. Jana Kasprowicza w Inowroc\u0142awiu, Galerii Sztuki w Legnicy, Galerii YES w Poznaniu, Galerii Sztuki Wsp\u00f3\u0142czesnej we W\u0142oc\u0142awku, Centrum Kultury BROWAR B we W\u0142oc\u0142awku.<\/p>\n\n\n\n<p class=\"has-medium-font-size\">Zajmuj\u0119 si\u0119 wizualizowaniem w\u0142asnych fantazji.<\/p>\n<\/div>\n\n\n\n<div class=\"wp-block-column is-layout-flow wp-block-column-is-layout-flow\">\n<h3 class=\"wp-block-heading\"><em>Sk\u0105d si\u0119 wzi\u0119\u0142y groteski przyrodnicze<\/em><\/h3>\n\n\n\n<p class=\"has-medium-font-size\"><em>Smok zabity przez \u015awi\u0119tego Jerzego nigdy nie o\u017cyje. Pi\u0119tna\u015bcie lat temu postanowi\u0142em upami\u0119tni\u0107 tego smoka. Pr\u00f3bowa\u0142em tworzy\u0107 niezobowi\u0105zuj\u0105ce, ilustracyjne nawi\u0105zania do tej, martwej od wiek\u00f3w, bestii. \u017badna z wymy\u015blonych przeze mnie istot nie przedstawia\u0142a konkretnej postaci. Smoki by\u0142y plastycznym wyrazem moich zainteresowa\u0144 istotami opisanymi w \u015bredniowiecznych bestiariuszach. By\u0142y te\u017c odzwierciedleniem kultury, w kt\u00f3rej wyros\u0142em, zawartej w bajkach zas\u0142yszanych w dzieci\u0144stwie.<\/em><\/p>\n\n\n\n<p class=\"has-medium-font-size\"><em>Obecnie wymy\u015blam nowe stwory, takie, kt\u00f3re nigdy nie pojawi\u0142y si\u0119 w podaniach i w fantastyce. Szukam zwierz\u0119cych kszta\u0142t\u00f3w w chmurach i ro\u015blinach. Go\u0142e ska\u0142y, kszta\u0142ty ga\u0142\u0119zi i drzew cz\u0119sto mnie inspiruj\u0105. Swoje prace traktuj\u0119 jako ilustracje pomys\u0142\u00f3w.<\/em><\/p>\n<\/div>\n<\/div>\n\n\n\n<p><\/p>\n","protected":false},"excerpt":{"rendered":"<p>Jerzy Jabczy\u0144ski Urodzi\u0142em si\u0119 w 1979 roku we W\u0142oc\u0142awku. W 2004 uko\u0144czy\u0142em studia na Akademii Sztuk Pi\u0119knych w \u0141odzi. Dyplom uzyska\u0142em w Pracowni Bi\u017cuterii i w Pracowni Malarstwa. Bra\u0142em udzia\u0142 w ponad 70 wystawach zbiorowych w kraju i zagranic\u0105. Mia\u0142em 7 wystaw indywidualnych. Moje prace znajduj\u0105 si\u0119 w zbiorach: Centralnego Muzeum W\u0142\u00f3kiennictwa w \u0141odzi, Muzeum&#8230;<\/p>\n","protected":false},"author":1,"featured_media":0,"parent":0,"menu_order":0,"comment_status":"closed","ping_status":"closed","template":"","meta":{"_kad_post_transparent":"","_kad_post_title":"","_kad_post_layout":"","_kad_post_sidebar_id":"","_kad_post_content_style":"","_kad_post_vertical_padding":"","_kad_post_feature":"","_kad_post_feature_position":"","_kad_post_header":false,"_kad_post_footer":false,"_kad_post_classname":"","footnotes":""},"class_list":["post-20","page","type-page","status-publish","hentry"],"_links":{"self":[{"href":"https:\/\/jabczynski.pl\/index.php\/wp-json\/wp\/v2\/pages\/20","targetHints":{"allow":["GET"]}}],"collection":[{"href":"https:\/\/jabczynski.pl\/index.php\/wp-json\/wp\/v2\/pages"}],"about":[{"href":"https:\/\/jabczynski.pl\/index.php\/wp-json\/wp\/v2\/types\/page"}],"author":[{"embeddable":true,"href":"https:\/\/jabczynski.pl\/index.php\/wp-json\/wp\/v2\/users\/1"}],"replies":[{"embeddable":true,"href":"https:\/\/jabczynski.pl\/index.php\/wp-json\/wp\/v2\/comments?post=20"}],"version-history":[{"count":8,"href":"https:\/\/jabczynski.pl\/index.php\/wp-json\/wp\/v2\/pages\/20\/revisions"}],"predecessor-version":[{"id":195,"href":"https:\/\/jabczynski.pl\/index.php\/wp-json\/wp\/v2\/pages\/20\/revisions\/195"}],"wp:attachment":[{"href":"https:\/\/jabczynski.pl\/index.php\/wp-json\/wp\/v2\/media?parent=20"}],"curies":[{"name":"wp","href":"https:\/\/api.w.org\/{rel}","templated":true}]}}