{"id":289,"date":"2025-01-08T17:26:44","date_gmt":"2025-01-08T17:26:44","guid":{"rendered":"https:\/\/jabczynski.pl\/?page_id=289"},"modified":"2025-05-30T10:50:47","modified_gmt":"2025-05-30T10:50:47","slug":"owcokrzew-nieszawska","status":"publish","type":"page","link":"https:\/\/jabczynski.pl\/index.php\/owcokrzew-nieszawska\/","title":{"rendered":"Owcokrzew nieszawska"},"content":{"rendered":"\n<div class=\"wp-block-columns is-layout-flex wp-container-core-columns-is-layout-9d6595d7 wp-block-columns-is-layout-flex\">\n<div class=\"wp-block-column is-layout-flow wp-block-column-is-layout-flow\">\n<figure data-wp-context=\"{&quot;imageId&quot;:&quot;69e370f2813f7&quot;}\" data-wp-interactive=\"core\/image\" class=\"wp-block-image size-full wp-lightbox-container\"><img loading=\"lazy\" decoding=\"async\" width=\"643\" height=\"900\" data-wp-class--hide=\"state.isContentHidden\" data-wp-class--show=\"state.isContentVisible\" data-wp-init=\"callbacks.setButtonStyles\" data-wp-on-async--click=\"actions.showLightbox\" data-wp-on-async--load=\"callbacks.setButtonStyles\" data-wp-on-async-window--resize=\"callbacks.setButtonStyles\" src=\"http:\/\/jabczynski.pl\/wp-content\/uploads\/2025\/01\/owcokrzew_nieszawska.jpg\" alt=\"\" class=\"wp-image-224\" srcset=\"https:\/\/jabczynski.pl\/wp-content\/uploads\/2025\/01\/owcokrzew_nieszawska.jpg 643w, https:\/\/jabczynski.pl\/wp-content\/uploads\/2025\/01\/owcokrzew_nieszawska-214x300.jpg 214w\" sizes=\"auto, (max-width: 643px) 100vw, 643px\" \/><button\n\t\t\tclass=\"lightbox-trigger\"\n\t\t\ttype=\"button\"\n\t\t\taria-haspopup=\"dialog\"\n\t\t\taria-label=\"Powi\u0119ksz\"\n\t\t\tdata-wp-init=\"callbacks.initTriggerButton\"\n\t\t\tdata-wp-on-async--click=\"actions.showLightbox\"\n\t\t\tdata-wp-style--right=\"state.imageButtonRight\"\n\t\t\tdata-wp-style--top=\"state.imageButtonTop\"\n\t\t>\n\t\t\t<svg xmlns=\"http:\/\/www.w3.org\/2000\/svg\" width=\"12\" height=\"12\" fill=\"none\" viewBox=\"0 0 12 12\">\n\t\t\t\t<path fill=\"#fff\" d=\"M2 0a2 2 0 0 0-2 2v2h1.5V2a.5.5 0 0 1 .5-.5h2V0H2Zm2 10.5H2a.5.5 0 0 1-.5-.5V8H0v2a2 2 0 0 0 2 2h2v-1.5ZM8 12v-1.5h2a.5.5 0 0 0 .5-.5V8H12v2a2 2 0 0 1-2 2H8Zm2-12a2 2 0 0 1 2 2v2h-1.5V2a.5.5 0 0 0-.5-.5H8V0h2Z\" \/>\n\t\t\t<\/svg>\n\t\t<\/button><figcaption class=\"wp-element-caption\"><strong><em>Owcokrzew nieszawska<\/em><\/strong>,<br>tempera kazeinowo-woskowa na p\u0142\u00f3tnie, 70 x 50 cm, 2024 r.<\/figcaption><\/figure>\n<\/div>\n\n\n\n<div class=\"wp-block-column is-layout-flow wp-block-column-is-layout-flow\">\n<p class=\"has-medium-font-size\">Od czas\u00f3w neolitu na Kujawach wypasano owce. \u015alady przetw\u00f3rstwa ich mleka, odnalezione podczas wykopalisk archeologicznych, nie pozostawiaj\u0105 co do tego w\u0105tpliwo\u015bci. W po\u0142owie XX wieku nasze mi\u0142e owce wrzos\u00f3wki zosta\u0142y niemal ca\u0142kowicie wyparte przez obc\u0105 ras\u0119. Gdyby nie zachowawcza hodowla, prawdopodobnie gatunek zanik\u0142by ju\u017c dekady temu. <\/p>\n\n\n\n<p class=\"has-medium-font-size\"><strong>Owcokrzew nieszawska <\/strong>to obiekt przyrodniczy charakterystyczny dla okolic Nieszawy. Jest niewielkim skupiskiem zimozielonych krzew\u00f3w, kt\u00f3re samoistnie ro\u015bnie w kszta\u0142cie, dobrze obro\u015bni\u0119tej we\u0142n\u0105, owcy wrzos\u00f3wki. Wyst\u0119puje niekiedy na rzadko koszonych \u0142\u0105kach i nieu\u017cytkach, a szczeg\u00f3lnie na terenach dawnych \u0142\u0105k. Jest cz\u0119stym siedliskiem dla ptak\u00f3w gniazduj\u0105cych i owad\u00f3w, a nawet ma\u0142ych zwierz\u0105t, ze wzgl\u0119du na du\u017c\u0105 g\u0119sto\u015b\u0107 ga\u0142\u0119zi.<\/p>\n<\/div>\n\n\n\n<div class=\"wp-block-column is-layout-flow wp-block-column-is-layout-flow\">\n<p class=\"has-medium-font-size\">Zagadka tego naturalnego zjawiska by\u0142a ju\u017c szeroko badana przez lokalnych przyrodnik\u00f3w, jednak dot\u0105d nie postawiono jasnej i jednolitej tezy na jego temat. Dok\u0142adny cykl \u017cyciowy nie zosta\u0142 jeszcze opracowany ze wzgl\u0119du na wyst\u0119powanie Owcokrzew\u00f3w przede wszystkim na trudno dost\u0119pnych niezagospodarowanych terenach, do kt\u00f3rych mo\u017cna dosta\u0107 si\u0119 jedynie w okre\u015blonych porach roku. W\u015br\u00f3d przypuszcze\u0144 na temat ich cyklu \u017cyciowego znalaz\u0142y si\u0119 tezy o wczesnowiosennym kwitnieniu, po kt\u00f3rym pozostaj\u0105 na ga\u0142\u0105zkach drobne zielonkawe owocniki w kszta\u0142cie kulki. Jednak jak dot\u0105d nikomu nie uda\u0142o si\u0119 tego udokumentowa\u0107. Wyst\u0119powanie Owcokrzew\u00f3w jest prawdopodobnie przejawem swego rodzaju symbiozy \u015bwiata fauny i flory, wyst\u0119puj\u0105cym na dawnych pastwiskach owiec. <\/p>\n\n\n\n<p class=\"has-medium-font-size\">Spisa\u0142a Renata Kamionka-Jabczy\u0144ska<\/p>\n<\/div>\n<\/div>\n\n\n\n<p><\/p>\n","protected":false},"excerpt":{"rendered":"<p>Od czas\u00f3w neolitu na Kujawach wypasano owce. \u015alady przetw\u00f3rstwa ich mleka, odnalezione podczas wykopalisk archeologicznych, nie pozostawiaj\u0105 co do tego w\u0105tpliwo\u015bci. W po\u0142owie XX wieku nasze mi\u0142e owce wrzos\u00f3wki zosta\u0142y niemal ca\u0142kowicie wyparte przez obc\u0105 ras\u0119. Gdyby nie zachowawcza hodowla, prawdopodobnie gatunek zanik\u0142by ju\u017c dekady temu. Owcokrzew nieszawska to obiekt przyrodniczy charakterystyczny dla okolic Nieszawy&#8230;.<\/p>\n","protected":false},"author":1,"featured_media":0,"parent":0,"menu_order":0,"comment_status":"closed","ping_status":"closed","template":"","meta":{"_kad_post_transparent":"","_kad_post_title":"","_kad_post_layout":"","_kad_post_sidebar_id":"","_kad_post_content_style":"","_kad_post_vertical_padding":"","_kad_post_feature":"","_kad_post_feature_position":"","_kad_post_header":false,"_kad_post_footer":false,"_kad_post_classname":"","footnotes":""},"class_list":["post-289","page","type-page","status-publish","hentry"],"_links":{"self":[{"href":"https:\/\/jabczynski.pl\/index.php\/wp-json\/wp\/v2\/pages\/289","targetHints":{"allow":["GET"]}}],"collection":[{"href":"https:\/\/jabczynski.pl\/index.php\/wp-json\/wp\/v2\/pages"}],"about":[{"href":"https:\/\/jabczynski.pl\/index.php\/wp-json\/wp\/v2\/types\/page"}],"author":[{"embeddable":true,"href":"https:\/\/jabczynski.pl\/index.php\/wp-json\/wp\/v2\/users\/1"}],"replies":[{"embeddable":true,"href":"https:\/\/jabczynski.pl\/index.php\/wp-json\/wp\/v2\/comments?post=289"}],"version-history":[{"count":4,"href":"https:\/\/jabczynski.pl\/index.php\/wp-json\/wp\/v2\/pages\/289\/revisions"}],"predecessor-version":[{"id":311,"href":"https:\/\/jabczynski.pl\/index.php\/wp-json\/wp\/v2\/pages\/289\/revisions\/311"}],"wp:attachment":[{"href":"https:\/\/jabczynski.pl\/index.php\/wp-json\/wp\/v2\/media?parent=289"}],"curies":[{"name":"wp","href":"https:\/\/api.w.org\/{rel}","templated":true}]}}