{"id":79,"date":"2024-12-07T11:10:34","date_gmt":"2024-12-07T11:10:34","guid":{"rendered":"https:\/\/jabczynski.pl\/?page_id=79"},"modified":"2025-01-07T15:54:02","modified_gmt":"2025-01-07T15:54:02","slug":"drzewopatrze","status":"publish","type":"page","link":"https:\/\/jabczynski.pl\/index.php\/drzewopatrze\/","title":{"rendered":"Drzewopatrze"},"content":{"rendered":"\n<div class=\"wp-block-columns is-layout-flex wp-container-core-columns-is-layout-9d6595d7 wp-block-columns-is-layout-flex\">\n<div class=\"wp-block-column is-layout-flow wp-block-column-is-layout-flow\">\n<p class=\"has-medium-font-size\"><strong>Drzewopatrze<\/strong> najcz\u0119\u015bciej wyst\u0119puj\u0105 w miejscach od dawna zamieszkanych przez ludzi. Zazwyczaj skutecznie maskuj\u0105 swoj\u0105 obecno\u015b\u0107, przybieraj\u0105c form\u0119 niebudz\u0105cych niepokoju drzew. Komunikuj\u0105 si\u0119 mi\u0119dzy sob\u0105, szumi\u0105c delikatnie li\u015b\u0107mi lub drobnymi ga\u0142\u0105zkami. Sprawiaj\u0105 wra\u017cenie zupe\u0142nie bezbronnych, samo\u017cywnych form ro\u015blinnych, ale \u017ceby przetrwa\u0107, po\u017ceraj\u0105 raz na kilka lat r\u00f3\u017cne ssaki. Mniejsze osobniki s\u0105 sprawcami niewyja\u015bnionych zagini\u0119\u0107 kot\u00f3w i ma\u0142ych ps\u00f3w. Wi\u0119ksi przedstawiciele gatunku s\u0105 bardziej \u017car\u0142oczni, wieczorami lub o poranku wypatruj\u0105, subtelnie zakamuflowanymi oczami, pozbawionych \u015bwiadomo\u015bci ludzi. Czasami, w zwi\u0105zku z uznaniem za drzewa, s\u0105 \u015bcinane. Wtedy, pod os\u0142on\u0105 bezksi\u0119\u017cycowej nocy, pozostawione pod powierzchni\u0105 ziemi tkanki drzewopatrza, wy\u0142aniaj\u0105 si\u0119 z trzaskiem i przenosz\u0105 w inne, bezpieczniejsze miejsce. <\/p>\n<\/div>\n\n\n\n<div class=\"wp-block-column is-layout-flow wp-block-column-is-layout-flow\">\n<p class=\"has-medium-font-size\">Gdy odrosn\u0105, mszcz\u0105 si\u0119 na ludziach zwi\u0119kszon\u0105 \u017car\u0142oczno\u015bci\u0105. W okolicy poszukuje si\u0119 w\u00f3wczas seryjnego mordercy, kt\u00f3rego nigdy nie udaje si\u0119 znale\u017a\u0107, a tropy prowadz\u0105ce do park\u00f3w i le\u015bnych zagajnik\u00f3w urywaj\u0105 si\u0119 i gubi\u0105 w g\u0119stwinie.<\/p>\n\n\n\n<figure data-wp-context=\"{&quot;imageId&quot;:&quot;69e36d805c5a7&quot;}\" data-wp-interactive=\"core\/image\" class=\"wp-block-image size-full wp-lightbox-container\"><img loading=\"lazy\" decoding=\"async\" width=\"1000\" height=\"800\" data-wp-class--hide=\"state.isContentHidden\" data-wp-class--show=\"state.isContentVisible\" data-wp-init=\"callbacks.setButtonStyles\" data-wp-on-async--click=\"actions.showLightbox\" data-wp-on-async--load=\"callbacks.setButtonStyles\" data-wp-on-async-window--resize=\"callbacks.setButtonStyles\" src=\"http:\/\/jabczynski.pl\/wp-content\/uploads\/2025\/01\/drzewoparze_obserwacyjne.jpg\" alt=\"\" class=\"wp-image-228\" srcset=\"https:\/\/jabczynski.pl\/wp-content\/uploads\/2025\/01\/drzewoparze_obserwacyjne.jpg 1000w, https:\/\/jabczynski.pl\/wp-content\/uploads\/2025\/01\/drzewoparze_obserwacyjne-300x240.jpg 300w, https:\/\/jabczynski.pl\/wp-content\/uploads\/2025\/01\/drzewoparze_obserwacyjne-768x614.jpg 768w\" sizes=\"auto, (max-width: 1000px) 100vw, 1000px\" \/><button\n\t\t\tclass=\"lightbox-trigger\"\n\t\t\ttype=\"button\"\n\t\t\taria-haspopup=\"dialog\"\n\t\t\taria-label=\"Powi\u0119ksz\"\n\t\t\tdata-wp-init=\"callbacks.initTriggerButton\"\n\t\t\tdata-wp-on-async--click=\"actions.showLightbox\"\n\t\t\tdata-wp-style--right=\"state.imageButtonRight\"\n\t\t\tdata-wp-style--top=\"state.imageButtonTop\"\n\t\t>\n\t\t\t<svg xmlns=\"http:\/\/www.w3.org\/2000\/svg\" width=\"12\" height=\"12\" fill=\"none\" viewBox=\"0 0 12 12\">\n\t\t\t\t<path fill=\"#fff\" d=\"M2 0a2 2 0 0 0-2 2v2h1.5V2a.5.5 0 0 1 .5-.5h2V0H2Zm2 10.5H2a.5.5 0 0 1-.5-.5V8H0v2a2 2 0 0 0 2 2h2v-1.5ZM8 12v-1.5h2a.5.5 0 0 0 .5-.5V8H12v2a2 2 0 0 1-2 2H8Zm2-12a2 2 0 0 1 2 2v2h-1.5V2a.5.5 0 0 0-.5-.5H8V0h2Z\" \/>\n\t\t\t<\/svg>\n\t\t<\/button><figcaption class=\"wp-element-caption\"><strong><em>Drzewopatrze obserwacyjne<\/em><\/strong>, tempera glutynowa na p\u0142\u00f3tnie, <br>40&#215;50 cm, 2024 r.<br><\/figcaption><\/figure>\n<\/div>\n\n\n\n<div class=\"wp-block-column is-layout-flow wp-block-column-is-layout-flow\">\n<figure data-wp-context=\"{&quot;imageId&quot;:&quot;69e36d805c93d&quot;}\" data-wp-interactive=\"core\/image\" class=\"wp-block-image size-full wp-lightbox-container\"><img loading=\"lazy\" decoding=\"async\" width=\"718\" height=\"900\" data-wp-class--hide=\"state.isContentHidden\" data-wp-class--show=\"state.isContentVisible\" data-wp-init=\"callbacks.setButtonStyles\" data-wp-on-async--click=\"actions.showLightbox\" data-wp-on-async--load=\"callbacks.setButtonStyles\" data-wp-on-async-window--resize=\"callbacks.setButtonStyles\" src=\"https:\/\/jabczynski.pl\/wp-content\/uploads\/2024\/12\/image.jpeg\" alt=\"Obrazek posiada pusty atrybut alt; plik o nazwie drzewopatrz_dlugomordy.jpg\" class=\"wp-image-94\" srcset=\"https:\/\/jabczynski.pl\/wp-content\/uploads\/2024\/12\/image.jpeg 718w, https:\/\/jabczynski.pl\/wp-content\/uploads\/2024\/12\/image-239x300.jpeg 239w\" sizes=\"auto, (max-width: 718px) 100vw, 718px\" \/><button\n\t\t\tclass=\"lightbox-trigger\"\n\t\t\ttype=\"button\"\n\t\t\taria-haspopup=\"dialog\"\n\t\t\taria-label=\"Powi\u0119ksz\"\n\t\t\tdata-wp-init=\"callbacks.initTriggerButton\"\n\t\t\tdata-wp-on-async--click=\"actions.showLightbox\"\n\t\t\tdata-wp-style--right=\"state.imageButtonRight\"\n\t\t\tdata-wp-style--top=\"state.imageButtonTop\"\n\t\t>\n\t\t\t<svg xmlns=\"http:\/\/www.w3.org\/2000\/svg\" width=\"12\" height=\"12\" fill=\"none\" viewBox=\"0 0 12 12\">\n\t\t\t\t<path fill=\"#fff\" d=\"M2 0a2 2 0 0 0-2 2v2h1.5V2a.5.5 0 0 1 .5-.5h2V0H2Zm2 10.5H2a.5.5 0 0 1-.5-.5V8H0v2a2 2 0 0 0 2 2h2v-1.5ZM8 12v-1.5h2a.5.5 0 0 0 .5-.5V8H12v2a2 2 0 0 1-2 2H8Zm2-12a2 2 0 0 1 2 2v2h-1.5V2a.5.5 0 0 0-.5-.5H8V0h2Z\" \/>\n\t\t\t<\/svg>\n\t\t<\/button><figcaption class=\"wp-element-caption\"><strong><em>Drzewopatrz d\u0142ugomordy z Nieszawy<\/em><\/strong>, <br>tempera kazeinowa i enkaustyka na p\u0142\u00f3tnie, <br>50&#215;40 cm, 2023 r.<br>(w\u0142asno\u015b\u0107 Muzeum Ziemi Kujawskiej i Dobrzy\u0144skiej we W\u0142oc\u0142awku)<\/figcaption><\/figure>\n\n\n\n<p class=\"has-small-font-size\"><\/p>\n<\/div>\n<\/div>\n\n\n\n<p><\/p>\n","protected":false},"excerpt":{"rendered":"<p>Drzewopatrze najcz\u0119\u015bciej wyst\u0119puj\u0105 w miejscach od dawna zamieszkanych przez ludzi. Zazwyczaj skutecznie maskuj\u0105 swoj\u0105 obecno\u015b\u0107, przybieraj\u0105c form\u0119 niebudz\u0105cych niepokoju drzew. Komunikuj\u0105 si\u0119 mi\u0119dzy sob\u0105, szumi\u0105c delikatnie li\u015b\u0107mi lub drobnymi ga\u0142\u0105zkami. Sprawiaj\u0105 wra\u017cenie zupe\u0142nie bezbronnych, samo\u017cywnych form ro\u015blinnych, ale \u017ceby przetrwa\u0107, po\u017ceraj\u0105 raz na kilka lat r\u00f3\u017cne ssaki. Mniejsze osobniki s\u0105 sprawcami niewyja\u015bnionych zagini\u0119\u0107 kot\u00f3w i&#8230;<\/p>\n","protected":false},"author":1,"featured_media":0,"parent":0,"menu_order":0,"comment_status":"closed","ping_status":"closed","template":"","meta":{"_kad_post_transparent":"","_kad_post_title":"","_kad_post_layout":"","_kad_post_sidebar_id":"","_kad_post_content_style":"","_kad_post_vertical_padding":"","_kad_post_feature":"","_kad_post_feature_position":"","_kad_post_header":false,"_kad_post_footer":false,"_kad_post_classname":"","footnotes":""},"class_list":["post-79","page","type-page","status-publish","hentry"],"_links":{"self":[{"href":"https:\/\/jabczynski.pl\/index.php\/wp-json\/wp\/v2\/pages\/79","targetHints":{"allow":["GET"]}}],"collection":[{"href":"https:\/\/jabczynski.pl\/index.php\/wp-json\/wp\/v2\/pages"}],"about":[{"href":"https:\/\/jabczynski.pl\/index.php\/wp-json\/wp\/v2\/types\/page"}],"author":[{"embeddable":true,"href":"https:\/\/jabczynski.pl\/index.php\/wp-json\/wp\/v2\/users\/1"}],"replies":[{"embeddable":true,"href":"https:\/\/jabczynski.pl\/index.php\/wp-json\/wp\/v2\/comments?post=79"}],"version-history":[{"count":21,"href":"https:\/\/jabczynski.pl\/index.php\/wp-json\/wp\/v2\/pages\/79\/revisions"}],"predecessor-version":[{"id":282,"href":"https:\/\/jabczynski.pl\/index.php\/wp-json\/wp\/v2\/pages\/79\/revisions\/282"}],"wp:attachment":[{"href":"https:\/\/jabczynski.pl\/index.php\/wp-json\/wp\/v2\/media?parent=79"}],"curies":[{"name":"wp","href":"https:\/\/api.w.org\/{rel}","templated":true}]}}